{"id":2,"date":"2019-09-18T17:42:11","date_gmt":"2019-09-18T16:42:11","guid":{"rendered":"http:\/\/escuela-pequeneces.es\/?page_id=2"},"modified":"2020-01-26T22:24:12","modified_gmt":"2020-01-26T21:24:12","slug":"inicio","status":"publish","type":"page","link":"https:\/\/escuela-pequeneces.es\/","title":{"rendered":"Inicio"},"content":{"rendered":"\n<figure class=\"wp-block-image is-resized\"><img loading=\"lazy\" decoding=\"async\" src=\"https:\/\/escuela-pequeneces.es\/wp-content\/uploads\/2019\/10\/Logotipo.png\" alt=\"Logo Escuela Infantil Peque\u00f1eces\" class=\"wp-image-346\" width=\"200\" height=\"117\"\/><\/figure>\n\n\n\n<p style=\"font-size:25px;text-align:left\" class=\"has-text-color has-background has-very-light-gray-color has-vivid-red-background-color\"><em>Escuela infantil <\/em><strong><em>Peque\u00f1eces<\/em><\/strong><em> en Pozuelo<\/em><\/p>\n\n\n\n<blockquote class=\"wp-block-quote is-style-large is-layout-flow wp-block-quote-is-layout-flow\"><p>&#8220;La ense\u00f1anza que deja huella es de coraz\u00f3n a coraz\u00f3n&#8221;<\/p><cite>Direcci\u00f3n Escuela Infantil Peque\u00f1eces, Pozuelo.<\/cite><\/blockquote>\n\n\n\n<p>Fundada en 1990 y con <strong>m\u00e1s de 25 a\u00f1os de experiencia<\/strong>, Peque\u00f1eces es una escuela infantil ubicada en Pozuelo de Alarc\u00f3n (Madrid) dedicada a la <strong>educaci\u00f3n integral desde los 0 hasta los 3 a\u00f1os<\/strong>.  Ense\u00f1amos a los mas peque\u00f1os desde el respeto y la empat\u00eda. Promovemos un ambiente ordenado, pr\u00f3ximo con actividades orientadas a fortaleces sus valores y lograr el m\u00e1ximo grado en sus capacidades intelectuales, f\u00edsicas y espirituales.<\/p>\n\n\n\n<blockquote class=\"wp-block-quote is-style-large is-layout-flow wp-block-quote-is-layout-flow\"><p>&#8220;<em><strong>Educamos desde el coraz\u00f3n para lograr una comunicaci\u00f3n sincera y una educaci\u00f3n compartidad&#8221;<\/strong><\/em><\/p><cite> M<em>\u00e9todo Montessori<\/em> \/ Desarrollo Integral <\/cite><\/blockquote>\n\n\n\n<p>En la escuela infantil Peque\u00f1eces pensamos que estar a vuestro lado deber\u00eda ser m\u00e1s que una frase. Por esta raz\u00f3n estamos creando la <strong>escuela de padres y madres<\/strong>, donde con un caf\u00e9 en la mano y en un ambiente relajado, podremos compartir y dar respuesta a vuestras inquitudes (salud, alimentaci\u00f3n, miedos, &#8230;).<\/p>\n\n\n\n<p style=\"text-align:center\"> <strong>AUTORIZADOS por la CAM<\/strong><br>Reg. <strong>28057325<\/strong> \/ Becas \/ Tickets<\/p>\n\n\n\n<hr class=\"wp-block-separator is-style-dots\"\/>\n\n\n\n<div style=\"height:20px\" aria-hidden=\"true\" class=\"wp-block-spacer\"><\/div>\n\n\n\n<p><strong>EQUIPO EDUCATIVO <\/strong>con gran dedicaci\u00f3n y experiencia en distintas  metodolog\u00edas sobresaliendo la de \u2018Montessori\u2019 cuya efectividad es  indudable para la escuela. La incorporaci\u00f3n en nuestro proyecto educativo propio de materias como Ingl\u00e9s, Franc\u00e9s, m\u00fasica, baile, piano, &#8230; representa sin duda una ventaja en el aprendizaje expl\u00edcito, colaborativo y emocional de los m\u00e1s peque\u00f1os [<a href=\"https:\/\/escuela-pequeneces.es\/index.php\/plan-educativo\/\">Leer m\u00e1s<\/a>]<\/p>\n\n\n\n<hr class=\"wp-block-separator is-style-dots\"\/>\n\n\n\n<p><strong>INSTALACIONES <\/strong>amplias, seguras y ordenadas. Tres salas dedicadas a cada edad (infantil, junior y senior) y otra m\u00e1s para usos m\u00faltiples. Aseo adaptado, office y un patio exterior parcialmente cubierto que ser\u00e1 la delicia de los m\u00e1s peque\u00f1os. Porque la diversi\u00f3n al aire libre tambi\u00e9n es necesaria  [<a href=\"https:\/\/escuela-pequeneces.es\/index.php\/instalaciones\/\">Leer m\u00e1s<\/a>]<\/p>\n\n\n\n<hr class=\"wp-block-separator is-style-default\"\/>\n\n\n\n<div style=\"height:20px\" aria-hidden=\"true\" class=\"wp-block-spacer\"><\/div>\n\n\n\n<div class=\"wp-block-cover has-background-dim-60 has-very-light-gray-background-color has-background-dim has-parallax\" style=\"background-image:url(http:\/\/escuela-pequeneces.es\/wp-content\/uploads\/2019\/09\/Chalet-1400x800.jpg)\"><div class=\"wp-block-cover__inner-container is-layout-flow wp-block-cover-is-layout-flow\">\n<p style=\"font-size:30px;text-align:center\" class=\"has-text-color has-vivid-red-color\">Escuela infantil <strong>PEQUE\u00d1ECES<\/strong><\/p>\n\n\n\n<p style=\"font-size:25px;text-align:center\" class=\"has-text-color has-vivid-red-color\"> en <strong>Pozuelo de Alarc\u00f3n<\/strong>  <\/p>\n\n\n\n<div class=\"wp-block-button aligncenter\"><a class=\"wp-block-button__link has-text-color has-background has-vivid-red-background-color\" href=\"http:\/\/escuela-pequeneces.es\/index.php\/contacta\/\" style=\"color:#ffffff\">Contacta con la escuela<\/a><\/div>\n\n\n\n<p style=\"text-align:center\" class=\"has-text-color has-medium-font-size has-very-dark-gray-color\"><br>\u201c<em>La <strong>ense\u00f1anza <\/strong>que deja huella<\/em><br><em>es <strong>de coraz\u00f3n a coraz\u00f3n<\/strong><\/em>\u201d <\/p>\n<\/div><\/div>\n\n\n\n<hr class=\"wp-block-separator\"\/>\n\n\n\n<div style=\"height:20px\" aria-hidden=\"true\" class=\"wp-block-spacer\"><\/div>\n\n\n\n<blockquote class=\"wp-block-quote is-style-large is-layout-flow wp-block-quote-is-layout-flow\"><p>&#8220;La&nbsp;educaci\u00f3n ayuda a la persona&nbsp;a aprender a ser lo que es capaz de ser&#8221;<\/p><cite>Hes\u00edodo, fil\u00f3foso y poeta de la antigua Grecia   <\/cite><\/blockquote>\n","protected":false},"excerpt":{"rendered":"<p>Escuela infantil Peque\u00f1eces en Pozuelo &#8220;La ense\u00f1anza que deja huella es de coraz\u00f3n a coraz\u00f3n&#8221; Direcci\u00f3n Escuela Infantil Peque\u00f1eces, Pozuelo. Fundada en 1990 y con m\u00e1s de 25 a\u00f1os de experiencia, Peque\u00f1eces es una escuela infantil ubicada en Pozuelo de [&hellip;]<\/p>\n","protected":false},"author":1,"featured_media":346,"parent":0,"menu_order":0,"comment_status":"closed","ping_status":"closed","template":"","meta":{"footnotes":""},"class_list":["post-2","page","type-page","status-publish","has-post-thumbnail","hentry"],"_links":{"self":[{"href":"https:\/\/escuela-pequeneces.es\/index.php\/wp-json\/wp\/v2\/pages\/2"}],"collection":[{"href":"https:\/\/escuela-pequeneces.es\/index.php\/wp-json\/wp\/v2\/pages"}],"about":[{"href":"https:\/\/escuela-pequeneces.es\/index.php\/wp-json\/wp\/v2\/types\/page"}],"author":[{"embeddable":true,"href":"https:\/\/escuela-pequeneces.es\/index.php\/wp-json\/wp\/v2\/users\/1"}],"replies":[{"embeddable":true,"href":"https:\/\/escuela-pequeneces.es\/index.php\/wp-json\/wp\/v2\/comments?post=2"}],"version-history":[{"count":68,"href":"https:\/\/escuela-pequeneces.es\/index.php\/wp-json\/wp\/v2\/pages\/2\/revisions"}],"predecessor-version":[{"id":493,"href":"https:\/\/escuela-pequeneces.es\/index.php\/wp-json\/wp\/v2\/pages\/2\/revisions\/493"}],"wp:featuredmedia":[{"embeddable":true,"href":"https:\/\/escuela-pequeneces.es\/index.php\/wp-json\/wp\/v2\/media\/346"}],"wp:attachment":[{"href":"https:\/\/escuela-pequeneces.es\/index.php\/wp-json\/wp\/v2\/media?parent=2"}],"curies":[{"name":"wp","href":"https:\/\/api.w.org\/{rel}","templated":true}]}}