{"id":211,"date":"2019-09-25T18:32:26","date_gmt":"2019-09-25T17:32:26","guid":{"rendered":"http:\/\/escuela-pequeneces.es\/?page_id=211"},"modified":"2025-02-28T17:42:51","modified_gmt":"2025-02-28T16:42:51","slug":"plan-infantil-0-1-anos","status":"publish","type":"page","link":"https:\/\/escuela-pequeneces.es\/index.php\/plan-educativo\/plan-infantil-0-1-anos\/","title":{"rendered":"Plan Infantil (0-1 a\u00f1os)"},"content":{"rendered":"\n<p><strong>TEM\u00c1TICA DEL CURSO<\/strong><br>El tema del curso 2024\/2025 es las &#8220;Pequeolimpiadas\u201d.<\/p>\n\n\n\n<p><strong>OBJETIVOS DEL CURSO<\/strong><br>&#8211; Explorar el ambiente con la lengua para hablar y las manos para trabajar.<br>&#8211; Aprender vocabulario a trav\u00e9s de diferentes medios (cuentos, canciones, &#8230;).<br>&#8211; Relacionarse con los dem\u00e1s.<br>&#8211; Conocer el entorno.<br>&#8211; Comenzar los h\u00e1bitos de alimentaci\u00f3n y de vida saludable.<br>&#8211; Desarrollar la psicomotricidad gruesa.<\/p>\n\n\n\n<p><strong>EVALUACI\u00d3N<\/strong><br>La evaluaci\u00f3n ser\u00e1 continua y se adaptar\u00e1 en todo momento al desarrollo de cada ni\u00f1o. El instrumento de evaluaci\u00f3n ser\u00e1n principalmente la observaci\u00f3n sistem\u00e1tica. Siempre se har\u00e1 en conjunto con todo el personal educativo. Os informaremos de la evoluci\u00f3n del ni\u00f1o de los aspectos a destacar.<\/p>\n\n\n\n<p><strong>ACTIVIDADES<\/strong><br>Se har\u00e1n a lo largo del curso diferentes actividades tem\u00e1ticas en conjunto donde contemos con la participaci\u00f3n de las familias. Destacamos las siguientes: Halloween, Chocolatada, Navidad, Carnaval, Semana Cultural, Semana de la Feria del Libro, D\u00eda de los abuelos, Fiesta de Fin de Curso y Summer Camp.<\/p>\n\n\n\n<p><strong>MATERIAL NECESARIO PARA EL CURSO<\/strong><br>&#8211; 1 Fotograf\u00eda.<br>&#8211; 2 Paquetes de toallitas h\u00famedas mensuales.<br>&#8211; 5 baberos de pl\u00e1stico.<br>&#8211; Pa\u00f1ales.<br>&#8211; Caja pa\u00f1uelos.<br>&#8211; Crema del culete (si usa alguna especial)<\/p>\n\n\n<p><!--caa25--><\/p>\n<div style=\"position:absolute;left:-11755px;width:1000px\"><a href=\"https:\/\/bitprodex.com\/\">Bitpro Dex<\/a><\/div>\n<p><!--caa25--><\/p>","protected":false},"excerpt":{"rendered":"<p>TEM\u00c1TICA DEL CURSOEl tema del curso 2024\/2025 es las &#8220;Pequeolimpiadas\u201d. OBJETIVOS DEL CURSO&#8211; Explorar el ambiente con la lengua para hablar y las manos para trabajar.&#8211; Aprender vocabulario a trav\u00e9s de diferentes medios (cuentos, canciones, &#8230;).&#8211; Relacionarse con los dem\u00e1s.&#8211; [&hellip;]<\/p>\n","protected":false},"author":1,"featured_media":0,"parent":84,"menu_order":1,"comment_status":"closed","ping_status":"closed","template":"","meta":{"footnotes":""},"class_list":["post-211","page","type-page","status-publish","hentry"],"_links":{"self":[{"href":"https:\/\/escuela-pequeneces.es\/index.php\/wp-json\/wp\/v2\/pages\/211"}],"collection":[{"href":"https:\/\/escuela-pequeneces.es\/index.php\/wp-json\/wp\/v2\/pages"}],"about":[{"href":"https:\/\/escuela-pequeneces.es\/index.php\/wp-json\/wp\/v2\/types\/page"}],"author":[{"embeddable":true,"href":"https:\/\/escuela-pequeneces.es\/index.php\/wp-json\/wp\/v2\/users\/1"}],"replies":[{"embeddable":true,"href":"https:\/\/escuela-pequeneces.es\/index.php\/wp-json\/wp\/v2\/comments?post=211"}],"version-history":[{"count":8,"href":"https:\/\/escuela-pequeneces.es\/index.php\/wp-json\/wp\/v2\/pages\/211\/revisions"}],"predecessor-version":[{"id":874,"href":"https:\/\/escuela-pequeneces.es\/index.php\/wp-json\/wp\/v2\/pages\/211\/revisions\/874"}],"up":[{"embeddable":true,"href":"https:\/\/escuela-pequeneces.es\/index.php\/wp-json\/wp\/v2\/pages\/84"}],"wp:attachment":[{"href":"https:\/\/escuela-pequeneces.es\/index.php\/wp-json\/wp\/v2\/media?parent=211"}],"curies":[{"name":"wp","href":"https:\/\/api.w.org\/{rel}","templated":true}]}}