{"id":218,"date":"2019-09-25T18:35:31","date_gmt":"2019-09-25T17:35:31","guid":{"rendered":"http:\/\/escuela-pequeneces.es\/?page_id=218"},"modified":"2025-02-28T17:44:20","modified_gmt":"2025-02-28T16:44:20","slug":"plan-senior-2-3-anos","status":"publish","type":"page","link":"https:\/\/escuela-pequeneces.es\/index.php\/plan-educativo\/plan-senior-2-3-anos\/","title":{"rendered":"Plan Senior (2-3 a\u00f1os)"},"content":{"rendered":"\n<p><strong>TEM\u00c1TICA DEL CURSO<\/strong><br>El tema del curso 2024\/2025 es las \u201cPequeolimpiadas\u201d.<\/p>\n\n\n\n<p><strong>OBJETIVOS DEL CURSO<\/strong><br>&#8211; Cumplir \u00f3rdenes verbales complejas.<br>&#8211; Ampliar vocabulario a trav\u00e9s de diferentes medios (cuentos, canciones, &#8230;).<br>&#8211; Relacionarse y compartir con los dem\u00e1s.<br>&#8211; Conocer el entorno.<br>&#8211; Controlar los esf\u00ednteres.<br>&#8211; Adquirir los h\u00e1bitos de alimentaci\u00f3n y de vida saludable.<br>&#8211; Desarrollar la psicomotricidad fina y gruesa.<\/p>\n\n\n\n<p><strong>EVALUACI\u00d3N<\/strong><br>La evaluaci\u00f3n ser\u00e1 continua y se adaptar\u00e1 en todo momento al desarrollo de cada ni\u00f1o. Los instrumentos de evaluaci\u00f3n ser\u00e1n principalmente la observaci\u00f3n sistem\u00e1tica, fichas y materiales. Siempre se har\u00e1 en conjunto con todo el personal educativo. Os informaremos de la evoluci\u00f3n del ni\u00f1o de los aspectos a destacar.<\/p>\n\n\n\n<p><strong>ACTIVIDADES<\/strong><br>Se har\u00e1n a lo largo del curso diferentes actividades tem\u00e1ticas en conjunto donde contemos con la participaci\u00f3n de las familias. Destacamos las siguientes: Talleres de las unidades correspondientes, Halloween, Chocolatada, Navidad, Carnaval, Semana Cultural, Semana de la Feria del Libro, D\u00eda de los abuelos, Granja Escuela, Fiesta de Fin de Curso y Summer Camp.<\/p>\n\n\n\n<p><strong>MATERIAL NECESARIO PARA EL CURSO<\/strong><br>&#8211; 1 Fotograf\u00eda.<br>&#8211; 2 Paquetes de toallitas h\u00famedas mensuales.<br>&#8211; 3 baberos de pl\u00e1stico.<br>&#8211; Pa\u00f1ales (si es necesario).<br>&#8211; Caja pa\u00f1uelos.<\/p>\n\n\n\n<p><strong>ACTIVIDADES EXTRAESCOLARES<\/strong><br>&#8211; Ingl\u00e9s (Clase diaria).<br>&#8211; Franc\u00e9s<br>&#8211; M\u00fasica<br>&#8211; Baile y Movimiento.<br>&#8211; Iniciaci\u00f3n al piano. <br>&#8211; Ludoteca en Ingl\u00e9s.<br>&#8211; Inmersi\u00f3n ling\u00fc\u00edstica en Ingl\u00e9s. <\/p>\n","protected":false},"excerpt":{"rendered":"<p>TEM\u00c1TICA DEL CURSOEl tema del curso 2024\/2025 es las \u201cPequeolimpiadas\u201d. OBJETIVOS DEL CURSO&#8211; Cumplir \u00f3rdenes verbales complejas.&#8211; Ampliar vocabulario a trav\u00e9s de diferentes medios (cuentos, canciones, &#8230;).&#8211; Relacionarse y compartir con los dem\u00e1s.&#8211; Conocer el entorno.&#8211; Controlar los esf\u00ednteres.&#8211; Adquirir [&hellip;]<\/p>\n","protected":false},"author":1,"featured_media":0,"parent":84,"menu_order":3,"comment_status":"closed","ping_status":"closed","template":"","meta":{"footnotes":""},"class_list":["post-218","page","type-page","status-publish","hentry"],"_links":{"self":[{"href":"https:\/\/escuela-pequeneces.es\/index.php\/wp-json\/wp\/v2\/pages\/218"}],"collection":[{"href":"https:\/\/escuela-pequeneces.es\/index.php\/wp-json\/wp\/v2\/pages"}],"about":[{"href":"https:\/\/escuela-pequeneces.es\/index.php\/wp-json\/wp\/v2\/types\/page"}],"author":[{"embeddable":true,"href":"https:\/\/escuela-pequeneces.es\/index.php\/wp-json\/wp\/v2\/users\/1"}],"replies":[{"embeddable":true,"href":"https:\/\/escuela-pequeneces.es\/index.php\/wp-json\/wp\/v2\/comments?post=218"}],"version-history":[{"count":6,"href":"https:\/\/escuela-pequeneces.es\/index.php\/wp-json\/wp\/v2\/pages\/218\/revisions"}],"predecessor-version":[{"id":876,"href":"https:\/\/escuela-pequeneces.es\/index.php\/wp-json\/wp\/v2\/pages\/218\/revisions\/876"}],"up":[{"embeddable":true,"href":"https:\/\/escuela-pequeneces.es\/index.php\/wp-json\/wp\/v2\/pages\/84"}],"wp:attachment":[{"href":"https:\/\/escuela-pequeneces.es\/index.php\/wp-json\/wp\/v2\/media?parent=218"}],"curies":[{"name":"wp","href":"https:\/\/api.w.org\/{rel}","templated":true}]}}