{"id":40,"date":"2019-09-20T16:35:31","date_gmt":"2019-09-20T15:35:31","guid":{"rendered":"http:\/\/escuela-pequeneces.es\/?page_id=40"},"modified":"2025-02-28T17:40:45","modified_gmt":"2025-02-28T16:40:45","slug":"contacta","status":"publish","type":"page","link":"https:\/\/escuela-pequeneces.es\/index.php\/contacta\/","title":{"rendered":"Contacta"},"content":{"rendered":"\n<figure class=\"wp-block-image is-resized\"><img loading=\"lazy\" decoding=\"async\" width=\"979\" height=\"350\" src=\"https:\/\/escuela-pequeneces.es\/wp-content\/uploads\/2019\/10\/Logotipo.png\" alt=\"Logo Escuela Infantil Peque\u00f1eces\" class=\"wp-image-346\" style=\"width:200px;height:90px\" srcset=\"https:\/\/escuela-pequeneces.es\/wp-content\/uploads\/2019\/10\/Logotipo.png 979w, https:\/\/escuela-pequeneces.es\/wp-content\/uploads\/2019\/10\/Logotipo-300x107.png 300w, https:\/\/escuela-pequeneces.es\/wp-content\/uploads\/2019\/10\/Logotipo-768x275.png 768w\" sizes=\"(max-width: 979px) 100vw, 979px\" \/><\/figure>\n\n\n\n<blockquote class=\"wp-block-quote is-style-default is-layout-flow wp-block-quote-is-layout-flow\">\n<p>&#8220;En la escuela infantil Peque\u00f1eces de Pozuelo, nos preocupamos por el cumplimiento del <strong>RGPD<\/strong> (solicitud m\u00ednima de informaci\u00f3n, registro y custodia de los mismos) para poder responder a las cuestiones que quisiera plantearnos&#8221;<\/p>\n<cite><strong>No comercializamos ni cedemos<\/strong> a nadie<strong> informaci\u00f3n personal <\/strong>de ning\u00fan tipo.<\/cite><\/blockquote>\n\n\n\n<div style=\"height:20px\" aria-hidden=\"true\" class=\"wp-block-spacer\"><\/div>\n\n\n\n<figure class=\"wp-block-table is-style-regular\"><table class=\"has-fixed-layout\"><tbody><tr><td>C\/ de Portugalete, 8<br>28223, Pozuelo de Alarc\u00f3n<br>Madrid, Espa\u00f1a.<\/td><td>+34 <a href=\"tel: +34 646 86 25 79\">646 86 25 79<\/a><br>eipequeneces@gmail.com<\/td><\/tr><\/tbody><\/table><\/figure>\n\n\n\n<p>Horario: 7h30-18h00<br><\/p>\n\n\n\n<iframe loading=\"lazy\" src=\"https:\/\/www.google.com\/maps\/embed?pb=!1m14!1m8!1m3!1d12146.832280752786!2d-3.8116923!3d40.4374627!3m2!1i1024!2i768!4f13.1!3m3!1m2!1s0x0%3A0x9d755241e13dba38!2sEscuela%20Infantil%20Peque%C3%B1eces!5e0!3m2!1ses!2ses!4v1568993006101!5m2!1ses!2ses\" style=\"border:0;\" allowfullscreen=\"\" width=\"600\" height=\"450\" frameborder=\"0\"><\/iframe>\n\n\n\n<div style=\"height:25px\" aria-hidden=\"true\" class=\"wp-block-spacer\"><\/div>\n\n\n\n<hr class=\"wp-block-separator has-css-opacity\"\/>\n\n\n\n<div style=\"height:25px\" aria-hidden=\"true\" class=\"wp-block-spacer\"><\/div>\n\n\n","protected":false},"excerpt":{"rendered":"<p>&#8220;En la escuela infantil Peque\u00f1eces de Pozuelo, nos preocupamos por el cumplimiento del RGPD (solicitud m\u00ednima de informaci\u00f3n, registro y custodia de los mismos) para poder responder a las cuestiones que quisiera plantearnos&#8221; No comercializamos ni cedemos a nadie informaci\u00f3n [&hellip;]<\/p>\n","protected":false},"author":1,"featured_media":0,"parent":0,"menu_order":0,"comment_status":"closed","ping_status":"closed","template":"","meta":{"footnotes":""},"class_list":["post-40","page","type-page","status-publish","hentry"],"_links":{"self":[{"href":"https:\/\/escuela-pequeneces.es\/index.php\/wp-json\/wp\/v2\/pages\/40"}],"collection":[{"href":"https:\/\/escuela-pequeneces.es\/index.php\/wp-json\/wp\/v2\/pages"}],"about":[{"href":"https:\/\/escuela-pequeneces.es\/index.php\/wp-json\/wp\/v2\/types\/page"}],"author":[{"embeddable":true,"href":"https:\/\/escuela-pequeneces.es\/index.php\/wp-json\/wp\/v2\/users\/1"}],"replies":[{"embeddable":true,"href":"https:\/\/escuela-pequeneces.es\/index.php\/wp-json\/wp\/v2\/comments?post=40"}],"version-history":[{"count":15,"href":"https:\/\/escuela-pequeneces.es\/index.php\/wp-json\/wp\/v2\/pages\/40\/revisions"}],"predecessor-version":[{"id":871,"href":"https:\/\/escuela-pequeneces.es\/index.php\/wp-json\/wp\/v2\/pages\/40\/revisions\/871"}],"wp:attachment":[{"href":"https:\/\/escuela-pequeneces.es\/index.php\/wp-json\/wp\/v2\/media?parent=40"}],"curies":[{"name":"wp","href":"https:\/\/api.w.org\/{rel}","templated":true}]}}