{"id":532,"date":"2020-03-21T13:09:38","date_gmt":"2020-03-21T12:09:38","guid":{"rendered":"https:\/\/escuela-pequeneces.es\/?page_id=532"},"modified":"2025-02-28T17:41:56","modified_gmt":"2025-02-28T16:41:56","slug":"descuento-afan-colegio-san-luis-de-los-franceses","status":"publish","type":"page","link":"https:\/\/escuela-pequeneces.es\/index.php\/descuento-afan-colegio-san-luis-de-los-franceses\/","title":{"rendered":"Descuento Afan y Colegio San Luis de los Franceses"},"content":{"rendered":"\n<p>Escuela Infantil Peque\u00f1eces hace descuento a los miembros de <a href=\"http:\/\/afanpozuelo.eu\">Afan<\/a> de Familias Numerosas. Para ello, tienes que tener el carnet de familia numerosa y ser socio actualmente de la Asociaci\u00f3n de Familias Numerosas en Pozuelo de Alarc\u00f3n. Por otro lado, para obtener los descuentos con el <a href=\"https:\/\/www.stlouisfrancais.com\">Colegio San Luis de los Franceses<\/a>, debes tener uno o m\u00e1s hermanos matriculados en ese momento en el Centro. <\/p>\n\n\n\n<figure class=\"wp-block-gallery has-nested-images columns-default is-cropped wp-block-gallery-1 is-layout-flex wp-block-gallery-is-layout-flex\">\n<figure class=\"wp-block-image\"><a href=\"https:\/\/escuela-pequeneces.es\/wp-content\/uploads\/2020\/03\/IMG_1799.jpg\"><img loading=\"lazy\" decoding=\"async\" width=\"750\" height=\"301\" data-id=\"533\" src=\"https:\/\/escuela-pequeneces.es\/wp-content\/uploads\/2020\/03\/IMG_1799.jpg\" alt=\"\" class=\"wp-image-533\" srcset=\"https:\/\/escuela-pequeneces.es\/wp-content\/uploads\/2020\/03\/IMG_1799.jpg 750w, https:\/\/escuela-pequeneces.es\/wp-content\/uploads\/2020\/03\/IMG_1799-300x120.jpg 300w\" sizes=\"(max-width: 750px) 100vw, 750px\" \/><\/a><figcaption class=\"wp-element-caption\">Descuento Afan<\/figcaption><\/figure>\n\n\n\n<figure class=\"wp-block-image\"><a href=\"https:\/\/escuela-pequeneces.es\/wp-content\/uploads\/2020\/03\/IMG_1802.jpg\"><img loading=\"lazy\" decoding=\"async\" width=\"553\" height=\"280\" data-id=\"535\" src=\"https:\/\/escuela-pequeneces.es\/wp-content\/uploads\/2020\/03\/IMG_1802.jpg\" alt=\"\" class=\"wp-image-535\" srcset=\"https:\/\/escuela-pequeneces.es\/wp-content\/uploads\/2020\/03\/IMG_1802.jpg 553w, https:\/\/escuela-pequeneces.es\/wp-content\/uploads\/2020\/03\/IMG_1802-300x152.jpg 300w\" sizes=\"(max-width: 553px) 100vw, 553px\" \/><\/a><figcaption class=\"wp-element-caption\">Descuento Colegio<\/figcaption><\/figure>\n<\/figure>\n\n\n\n<p>Todos las personas que quieran optar a este descuento deber\u00e1n aportar un certificado de la matriculaci\u00f3n o que pertenecen a la Asociaci\u00f3n de Afan. <\/p>\n\n\n\n<p>En el caso que durante el curso escolar en la Escuela Infantil Peque\u00f1eces se deje de pertenecer a la Asociaci\u00f3n de Familias Numerosas o se deje de estar matriculados en el Colegio, se mantendr\u00e1 el Descuento durante el curso escolar. <\/p>\n\n\n\n<p>En el curso siguiente, se tendr\u00e1 que volver a presentar los mismos certificados que se hicieron al principio para los descuentos. <\/p>\n\n\n\n<p>Las familias de Afan que sean familia numerosa de 2\u00aa categor\u00eda recibir\u00e1n el mismo descuento que las de 1\u00aa categor\u00eda. <\/p>\n\n\n\n<p>Este descuento es totalmente compatible con otras ayudas que se tengan en la Escuela as\u00ed como Ayudas de las Becas de la Comunidad de Madrid, que se solicitan todos los a\u00f1os entre Marzo y Mayo para el Curso siguiente, as\u00ed como tambi\u00e9n los cheques empresa que puede pedir cada uno para pagar la mensualidad. <\/p>\n\n\n\n<p>Tambi\u00e9n se puede obtener descuento en la Renta que se hace en el a\u00f1o siguiente porque se deduce las mensualidades pagadas de 83,3 euros por mes. As\u00ed mismo se presentar\u00e1 en enero un informe de las mensualidades pagadas por cada uno de los alumnos de la Escuela Infantil.<\/p>\n\n\n\n<p>Para m\u00e1s informaci\u00f3n acude a nuestra Escuela y te informaremos de todos los descuentos. <\/p>\n","protected":false},"excerpt":{"rendered":"<p>Escuela Infantil Peque\u00f1eces hace descuento a los miembros de Afan de Familias Numerosas. Para ello, tienes que tener el carnet de familia numerosa y ser socio actualmente de la Asociaci\u00f3n de Familias Numerosas en Pozuelo de Alarc\u00f3n. Por otro lado, [&hellip;]<\/p>\n","protected":false},"author":4,"featured_media":0,"parent":0,"menu_order":0,"comment_status":"closed","ping_status":"closed","template":"","meta":{"footnotes":""},"class_list":["post-532","page","type-page","status-publish","hentry"],"_links":{"self":[{"href":"https:\/\/escuela-pequeneces.es\/index.php\/wp-json\/wp\/v2\/pages\/532"}],"collection":[{"href":"https:\/\/escuela-pequeneces.es\/index.php\/wp-json\/wp\/v2\/pages"}],"about":[{"href":"https:\/\/escuela-pequeneces.es\/index.php\/wp-json\/wp\/v2\/types\/page"}],"author":[{"embeddable":true,"href":"https:\/\/escuela-pequeneces.es\/index.php\/wp-json\/wp\/v2\/users\/4"}],"replies":[{"embeddable":true,"href":"https:\/\/escuela-pequeneces.es\/index.php\/wp-json\/wp\/v2\/comments?post=532"}],"version-history":[{"count":8,"href":"https:\/\/escuela-pequeneces.es\/index.php\/wp-json\/wp\/v2\/pages\/532\/revisions"}],"predecessor-version":[{"id":873,"href":"https:\/\/escuela-pequeneces.es\/index.php\/wp-json\/wp\/v2\/pages\/532\/revisions\/873"}],"wp:attachment":[{"href":"https:\/\/escuela-pequeneces.es\/index.php\/wp-json\/wp\/v2\/media?parent=532"}],"curies":[{"name":"wp","href":"https:\/\/api.w.org\/{rel}","templated":true}]}}