{"id":572,"date":"2020-05-02T19:40:15","date_gmt":"2020-05-02T18:40:15","guid":{"rendered":"https:\/\/escuela-pequeneces.es\/?page_id=572"},"modified":"2025-02-28T17:10:37","modified_gmt":"2025-02-28T16:10:37","slug":"calendario-y-horario-curso-2020-2021","status":"publish","type":"page","link":"https:\/\/escuela-pequeneces.es\/index.php\/calendario-y-horario-curso-2020-2021\/","title":{"rendered":"Calendario y horario escolar 2024\/25"},"content":{"rendered":"\n<div data-wp-interactive=\"core\/file\" class=\"wp-block-file\"><object data-wp-bind--hidden=\"!state.hasPdfPreview\"  class=\"wp-block-file__embed\" data=\"https:\/\/escuela-pequeneces.es\/wp-content\/uploads\/2025\/02\/Calendario-2024-2025.pdf\" type=\"application\/pdf\" style=\"width:100%;height:600px\" aria-label=\"Incrustado de Calendario 2024 2025.\"><\/object><a id=\"wp-block-file--media-910417ba-83ad-40b9-9167-19c8c26fc49d\" href=\"https:\/\/escuela-pequeneces.es\/wp-content\/uploads\/2025\/02\/Calendario-2024-2025.pdf\">Calendario 2024 2025<\/a><a href=\"https:\/\/escuela-pequeneces.es\/wp-content\/uploads\/2025\/02\/Calendario-2024-2025.pdf\" class=\"wp-block-file__button wp-element-button\" download aria-describedby=\"wp-block-file--media-910417ba-83ad-40b9-9167-19c8c26fc49d\">Descarga<\/a><\/div>\n\n\n<p>En Escuela Infantil Peque\u00f1eces abrimos pr\u00e1cticamente todos los d\u00edas del a\u00f1o y seguimos el Calendario de Pozuelo excepto las dos fiestas locales de Pozuelo de Alarc\u00f3n:<\/p>\n<ul>\n<li>Fiesta de la Virgen del Carmen (16 de Julio)<\/li>\n<li>Primer lunes de Septiembre (fiesta de Pozuelo)<\/li>\n<\/ul>\n<p>Nos adaptamos a tus necesidades. Pensamos que la vida laboral es dif\u00edcil de compaginar con la familiar. Muchas veces encontramos familias que comienzan a trabajar muy temprano y encuentran complicado qu\u00e9 hacer con sus hijos. Algunas veces renuncian a su jornada laboral pidiendo excelencias o permisos porque ven que no les compensa ir al trabajo si no tienen d\u00f3nde dejar a sus hijos. Otras veces, solicitan media jornada en la empresa para poder entrar m\u00e1s tarde en el trabajo. Creemos que es muy importante no renunciar al trabajo que uno ha conseguido con su esfuerzo y no dificultar el lugar de dejar los ni\u00f1os. De esta forma, tenemos amplitud de horario: de 7:30 horas a 18 horas.<\/p>\n<p>Todo el desarrollo de la Programaci\u00f3n did\u00e1ctica ser\u00e1 en torno a un eje que ser\u00e1 anunciado a principio de curso. A partir de \u00e9l se realizar\u00e1n las diferentes actividades. Durante el curso 2024-2025 el tema que vamos a tratar es las PEQUE-OLIMPIADAS.<\/p>\n<p>Cada d\u00eda de la semana se realiza una actividad (ficha, psicomotricidad, juego libre, masajes&#8230;)<\/p>\n<p>Todos los alumnos a partir del a\u00f1o y medio tienen clase de ingl\u00e9s diaria con la t\u00e9cnica de <a href=\"http:\/\/www.jollyphonics.es\">Jolly Phonics<\/a> ir\u00e1n a la clase con la profesora especializada y el resto jugar\u00e1n de forma aut\u00f3noma pero guiada a diferentes juegos.<\/p>\n<p>Tras estas clases comienza el Recreo en el patio si no llueve donde desarrollan la sociabilidad, el juego simb\u00f3lico y donde comparten con el resto de compa\u00f1eros los juguetes.<\/p>\n<p>Despu\u00e9s es la hora de comer (alrededor de 11:30 en beb\u00e9s-12 horas en mayores) cada uno con el men\u00fa triturado, s\u00f3lido y adaptado a alergias correspondientes.<\/p>\n<p>Tras comer, los alumnos necesitan la siesta para descansar de toda la jornada.<\/p>\n<p>Al levantarse har\u00e1n juego libre y merendar\u00e1n. Despu\u00e9s se preparar\u00e1n a la llegada de los pap\u00e1s.<\/p>","protected":false},"excerpt":{"rendered":"<p>En Escuela Infantil Peque\u00f1eces abrimos pr\u00e1cticamente todos los d\u00edas del a\u00f1o y seguimos el Calendario de Pozuelo excepto las dos fiestas locales de Pozuelo de Alarc\u00f3n: Fiesta de la Virgen del Carmen (16 de Julio) Primer lunes de Septiembre (fiesta [&hellip;]<\/p>\n","protected":false},"author":4,"featured_media":0,"parent":0,"menu_order":0,"comment_status":"closed","ping_status":"closed","template":"","meta":{"footnotes":""},"class_list":["post-572","page","type-page","status-publish","hentry"],"_links":{"self":[{"href":"https:\/\/escuela-pequeneces.es\/index.php\/wp-json\/wp\/v2\/pages\/572"}],"collection":[{"href":"https:\/\/escuela-pequeneces.es\/index.php\/wp-json\/wp\/v2\/pages"}],"about":[{"href":"https:\/\/escuela-pequeneces.es\/index.php\/wp-json\/wp\/v2\/types\/page"}],"author":[{"embeddable":true,"href":"https:\/\/escuela-pequeneces.es\/index.php\/wp-json\/wp\/v2\/users\/4"}],"replies":[{"embeddable":true,"href":"https:\/\/escuela-pequeneces.es\/index.php\/wp-json\/wp\/v2\/comments?post=572"}],"version-history":[{"count":8,"href":"https:\/\/escuela-pequeneces.es\/index.php\/wp-json\/wp\/v2\/pages\/572\/revisions"}],"predecessor-version":[{"id":867,"href":"https:\/\/escuela-pequeneces.es\/index.php\/wp-json\/wp\/v2\/pages\/572\/revisions\/867"}],"wp:attachment":[{"href":"https:\/\/escuela-pequeneces.es\/index.php\/wp-json\/wp\/v2\/media?parent=572"}],"curies":[{"name":"wp","href":"https:\/\/api.w.org\/{rel}","templated":true}]}}