{"id":580,"date":"2020-05-02T19:39:37","date_gmt":"2020-05-02T18:39:37","guid":{"rendered":"https:\/\/escuela-pequeneces.es\/?page_id=580"},"modified":"2020-05-14T22:08:20","modified_gmt":"2020-05-14T21:08:20","slug":"pediatra","status":"publish","type":"page","link":"https:\/\/escuela-pequeneces.es\/index.php\/pediatra\/","title":{"rendered":"Pediatra"},"content":{"rendered":"<blockquote>\n<p>SERVICIO DE PEDIATR\u00cdA CON VIDEOLLAMADA DIARIO<\/p>\n<\/blockquote>\n<p>Contamos con un servicio de pediatr\u00eda diario que proporciona tranquilidad a los padres y ayuda a tomar decisiones adecuadas a las situaciones con riesgo sanitario.<\/p>\n<h3><strong>V\u00eddeo consultas de Urgencias<\/strong><\/h3>\n<p>Estas consultas est\u00e1n dedicadas de 8:00 a 19:00 horas de Lunes a Viernes. Si requiere un seguimiento posterior a la consulta o se solicita informaci\u00f3n de la visita realizada, las familias disponen de una agenda electr\u00f3nica para poder solicitar una v\u00eddeo consulta con el pediatra que ha realizado la visita de urgencias desde su dispositivo m\u00f3vil, sin tener que descargarse ninguna aplicaci\u00f3n. Todas las visitas realizadas a trav\u00e9s del servicio de urgencias se le crear\u00e1 un informe pedi\u00e1trico que refleje los motivos de la consulta, la per-evaluaci\u00f3n de la visita y el procedimiento a seguir.<\/p>\n<h3>Informes pedi\u00e1tricos<\/h3>\n<p>S\u00f3lo se crear\u00e1n informes de los casos atendidos a trav\u00e9s de urgencias, en el supuesto que se requiera una derivaci\u00f3n al centro m\u00e9dico de referencia de la escuela, se solicite un servicio de urgencias m\u00f3vil en la escuela o el pediatra considere prescribir una baja escolar.<\/p>\n<h3>Suministro de medicamentos<\/h3>\n<p>S\u00f3lo se realizar\u00e1n la prescripci\u00f3n de medicamentos si:<\/p>\n<ol>\n<li>Previamente la familia se ha dado de alta en el servicio y aceptado el consentimiento informado.<\/li>\n<li>Si se identifica un ni\u00f1o con una patolog\u00eda cr\u00f3nica, que precise un medicamento concreto en dep\u00f3sito en el centro escolar, &#8220;para ello se requiere el informe de su pediatra de cabecera&#8221;.<\/li>\n<li>Si por la gravedad del caso atendido a trav\u00e9s del servicio, el pediatra considera la prescripci\u00f3n de un medicamento para hacer frente a la patolog\u00eda o situaci\u00f3n atendida.<\/li>\n<\/ol>\n<hr>\n<h3>&nbsp;<\/h3>\n<h3>PROTOCOLO COVID-19<\/h3>\n<p>Tenemos medidas preventivas en la Escuela<\/p>\n<h4>Temperatura<\/h4>\n<p>Se medir\u00e1 la temperatura con term\u00f3metro de infrarrojos 3 veces al d\u00eda. A partir de 38\u00ba ser\u00e1 Temperatura de Aislamiento.<\/p>\n<h4>Procedimiento de aislamiento<\/h4>\n<p>Se har\u00e1 una llamada al servicio de urgencias. El pediatra escolar determinar\u00e1 cu\u00e1l es el procedimiento a seguir en funci\u00f3n de la sintomatolog\u00eda que manifieste el peque\u00f1o.<\/p>\n<h4>Medidas de observaci\u00f3n<\/h4>\n<p>Se har\u00e1 hincapi\u00e9 en diversas medidas:<\/p>\n<ul>\n<li>V\u00f3mitos y diarrea<\/li>\n<li>Dificultad respiratoria<\/li>\n<li>Cambio de coloraci\u00f3n o manchas de la piel<\/li>\n<li>Irritabilidad o llanto inconsolable.<\/li>\n<\/ul>\n<h4>Normas de higiene<\/h4>\n<p>Se seguir\u00e1 con m\u00e1s precisi\u00f3n la limpieza de manos (con agua y jab\u00f3n o soluci\u00f3n hidroalc\u00f3lica) por parte de las educadoras y de los ni\u00f1os.<\/p>\n\n\n<p><\/p>\n","protected":false},"excerpt":{"rendered":"<p>SERVICIO DE PEDIATR\u00cdA CON VIDEOLLAMADA DIARIO Contamos con un servicio de pediatr\u00eda diario que proporciona tranquilidad a los padres y ayuda a tomar decisiones adecuadas a las situaciones con riesgo sanitario. V\u00eddeo consultas de Urgencias Estas consultas est\u00e1n dedicadas de [&hellip;]<\/p>\n","protected":false},"author":4,"featured_media":0,"parent":0,"menu_order":0,"comment_status":"closed","ping_status":"closed","template":"","meta":{"footnotes":""},"class_list":["post-580","page","type-page","status-publish","hentry"],"_links":{"self":[{"href":"https:\/\/escuela-pequeneces.es\/index.php\/wp-json\/wp\/v2\/pages\/580"}],"collection":[{"href":"https:\/\/escuela-pequeneces.es\/index.php\/wp-json\/wp\/v2\/pages"}],"about":[{"href":"https:\/\/escuela-pequeneces.es\/index.php\/wp-json\/wp\/v2\/types\/page"}],"author":[{"embeddable":true,"href":"https:\/\/escuela-pequeneces.es\/index.php\/wp-json\/wp\/v2\/users\/4"}],"replies":[{"embeddable":true,"href":"https:\/\/escuela-pequeneces.es\/index.php\/wp-json\/wp\/v2\/comments?post=580"}],"version-history":[{"count":6,"href":"https:\/\/escuela-pequeneces.es\/index.php\/wp-json\/wp\/v2\/pages\/580\/revisions"}],"predecessor-version":[{"id":663,"href":"https:\/\/escuela-pequeneces.es\/index.php\/wp-json\/wp\/v2\/pages\/580\/revisions\/663"}],"wp:attachment":[{"href":"https:\/\/escuela-pequeneces.es\/index.php\/wp-json\/wp\/v2\/media?parent=580"}],"curies":[{"name":"wp","href":"https:\/\/api.w.org\/{rel}","templated":true}]}}