{"id":590,"date":"2020-05-07T16:47:34","date_gmt":"2020-05-07T15:47:34","guid":{"rendered":"https:\/\/escuela-pequeneces.es\/?page_id=590"},"modified":"2020-05-14T22:05:42","modified_gmt":"2020-05-14T21:05:42","slug":"psicopedagogo-infantil","status":"publish","type":"page","link":"https:\/\/escuela-pequeneces.es\/index.php\/psicopedagogo-infantil\/","title":{"rendered":"Psicopedagogo Infantil"},"content":{"rendered":"\n<figure class=\"wp-block-image\"><img decoding=\"async\" src=\"http:\/\/3.bp.blogspot.com\/-_fBtwMuFrrg\/VPj-3hmMy3I\/AAAAAAAAADw\/GLyyWYO1d2E\/s1600\/701x147-7d0f91cbd4df3f0a70619bfdc1d7f97e.png\" alt=\"\"\/><\/figure>\n\n\n<blockquote>\n<p>En la Escuela Infantil Peque\u00f1eces contamos con un <strong>Psicopedagogo Infantil<\/strong> que se encargar\u00e1 de tratar con las familias que lo necesiten.<\/p>\n<\/blockquote>\n<h3>\u00bfQu\u00e9 es la Psicopedagog\u00eda?<\/h3>\n<p>Es la disciplina que trata <a href=\"https:\/\/www.etapainfantil.com\/problemas-aprendizaje-ninos\">problemas de aprendizaje<\/a>. Busca atajar cuanto antes los problemas que dificultan el desarrollo educativo del peque\u00f1o. As\u00ed va dise\u00f1ando pautas de actuaci\u00f3n en funci\u00f3n de la causa de la dificultad. Las causas pueden derivar fundamentalmente de la inmadurez cognoscitiva del alumno o en la falta de motivaci\u00f3n para aprender. A veces, pueden estar relacionadas con factores externos, como la situaci\u00f3n familiar o social.<\/p>\n<p>Muchas veces, la falta de diagn\u00f3stico hace que un hipot\u00e9tico problema latente se acent\u00fae dando lugar a situaciones graves en la etapa de la adolescencia e incluso de la madurez. Por este motivo, es fundamental, incluso en las Escuelas Infantiles, se disponga de un pedagogo y\/o psic\u00f3logo.<\/p>\n<h3><strong>\u00bfQu\u00e9 hace exactamente un psicopedagogo infantil?<\/strong><\/h3>\n<p>El psicopedagogo es un profesional con una formaci\u00f3n espec\u00edfica en el \u00e1rea del desarrollo infantil. Sus principales funciones son:<\/p>\n<ul>\n<li><strong>Analizar el desarrollo evolutivo del ni\u00f1o<\/strong>. El psic\u00f3logo infantil vigilar\u00e1 que el desarrollo infantil sea correcto mediante la detecci\u00f3n de posibles problemas o anomal\u00edas. Bas\u00e1ndose en su an\u00e1lisis elabora unos informes que servir\u00e1n de referencia para su posterior evaluaci\u00f3n de educaci\u00f3n y desarrollo.\n<\/li>\n<li><strong>Orientar a las familias y hablar con los padres<\/strong>. Se establece un horario para que los padres puedan realizar sus consultas y exponer sus dudas e inquietudes.\n<\/li>\n<li><strong>Estimulaci\u00f3n precoz<\/strong>. Realizaci\u00f3n de actividades directas o asesoramiento a los profesores para que sean ellos quienes las realicen de forma correcta. Las m\u00e1s comunes suelen ser las relacionadas con trastornos del desarrollo y la atenci\u00f3n temprana para problem\u00e1ticas concretas.<\/li>\n<\/ul>\n<p>M\u00e1s concretamente en <strong>Escuela infantil Peque\u00f1eces su misi\u00f3n se centrar\u00e1<\/strong>:<\/p>\n<ul>\n<li>Ense\u00f1anza m\u00e1s individualizada para ni\u00f1os que presenten alg\u00fan problemas del desarrollo cognitiva o del lenguaje. (Se tratar\u00e1 de forma optativa).\n<\/li>\n<li>Realizar un informe al finalizar el curso en el que se comunicar\u00e1 a los padres la evoluci\u00f3n de cada ni\u00f1o. (Est\u00e1 incluido en el precio de la Escuela).<\/li>\n<\/ul>","protected":false},"excerpt":{"rendered":"<p>En la Escuela Infantil Peque\u00f1eces contamos con un Psicopedagogo Infantil que se encargar\u00e1 de tratar con las familias que lo necesiten. \u00bfQu\u00e9 es la Psicopedagog\u00eda? Es la disciplina que trata problemas de aprendizaje. Busca atajar cuanto antes los problemas que [&hellip;]<\/p>\n","protected":false},"author":4,"featured_media":0,"parent":0,"menu_order":0,"comment_status":"closed","ping_status":"closed","template":"","meta":{"footnotes":""},"class_list":["post-590","page","type-page","status-publish","hentry"],"_links":{"self":[{"href":"https:\/\/escuela-pequeneces.es\/index.php\/wp-json\/wp\/v2\/pages\/590"}],"collection":[{"href":"https:\/\/escuela-pequeneces.es\/index.php\/wp-json\/wp\/v2\/pages"}],"about":[{"href":"https:\/\/escuela-pequeneces.es\/index.php\/wp-json\/wp\/v2\/types\/page"}],"author":[{"embeddable":true,"href":"https:\/\/escuela-pequeneces.es\/index.php\/wp-json\/wp\/v2\/users\/4"}],"replies":[{"embeddable":true,"href":"https:\/\/escuela-pequeneces.es\/index.php\/wp-json\/wp\/v2\/comments?post=590"}],"version-history":[{"count":3,"href":"https:\/\/escuela-pequeneces.es\/index.php\/wp-json\/wp\/v2\/pages\/590\/revisions"}],"predecessor-version":[{"id":630,"href":"https:\/\/escuela-pequeneces.es\/index.php\/wp-json\/wp\/v2\/pages\/590\/revisions\/630"}],"wp:attachment":[{"href":"https:\/\/escuela-pequeneces.es\/index.php\/wp-json\/wp\/v2\/media?parent=590"}],"curies":[{"name":"wp","href":"https:\/\/api.w.org\/{rel}","templated":true}]}}