{"id":84,"date":"2019-09-21T11:14:40","date_gmt":"2019-09-21T10:14:40","guid":{"rendered":"http:\/\/escuela-pequeneces.es\/?page_id=84"},"modified":"2025-02-28T17:46:37","modified_gmt":"2025-02-28T16:46:37","slug":"plan-educativo","status":"publish","type":"page","link":"https:\/\/escuela-pequeneces.es\/index.php\/plan-educativo\/","title":{"rendered":"Educaci\u00f3n"},"content":{"rendered":"\n<figure class=\"wp-block-image is-resized\"><img loading=\"lazy\" decoding=\"async\" width=\"979\" height=\"350\" src=\"https:\/\/escuela-pequeneces.es\/wp-content\/uploads\/2019\/10\/Logotipo.png\" alt=\"Logo Escuela Infantil Peque\u00f1eces\" class=\"wp-image-346\" style=\"width:200px;height:71px\" srcset=\"https:\/\/escuela-pequeneces.es\/wp-content\/uploads\/2019\/10\/Logotipo.png 979w, https:\/\/escuela-pequeneces.es\/wp-content\/uploads\/2019\/10\/Logotipo-300x107.png 300w, https:\/\/escuela-pequeneces.es\/wp-content\/uploads\/2019\/10\/Logotipo-768x275.png 768w\" sizes=\"(max-width: 979px) 100vw, 979px\" \/><\/figure>\n\n\n\n<h2 class=\"wp-block-heading\">Plan educativo de la escuela infantil Peque\u00f1eces  <\/h2>\n\n\n\n<h4 class=\"wp-block-heading\">&#8220;La ense\u00f1anza que deja huella es de coraz\u00f3n a coraz\u00f3n&#8221;<\/h4>\n\n\n\n<blockquote class=\"wp-block-quote is-style-default is-layout-flow wp-block-quote-is-layout-flow\">\n<p>El plan educativo de la escuela infantil Peque\u00f1eces garantiza el cuidado y la educaci\u00f3n como derechos universales, basados en una comunicaci\u00f3n real, compartida y emp\u00e1tica<\/p>\n<\/blockquote>\n\n\n\n<p>Somos un <strong>equipo educativo<\/strong> con gran dedicaci\u00f3n y experiencia en distintas metodolog\u00edas, contando con una propia basada tanto en &#8216;<a aria-label=\"Montessori (abre en una nueva pesta\u00f1a)\" href=\"https:\/\/es.wikipedia.org\/wiki\/M%C3%A9todo_Montessori\" target=\"_blank\" rel=\"noreferrer noopener\">Montessori<\/a>&#8216; como en otras metodolog\u00edas cuya efectividad ha sido indudable durante m\u00e1s de 30 a\u00f1os para la escuela.<\/p>\n\n\n\n<ul class=\"wp-block-list\">\n<li>Proyecto educativo propio. <\/li>\n\n\n\n<li>TIC Nuevas tecnolog\u00edas.<\/li>\n<\/ul>\n\n\n\n<blockquote class=\"wp-block-quote is-layout-flow wp-block-quote-is-layout-flow\">\n<p><strong>Actividades extraescolares<\/strong><\/p>\n<cite>En funci\u00f3n de disponibilidad de plazas<\/cite><\/blockquote>\n\n\n\n<ul class=\"wp-block-list\">\n<li>Clase diaria de Ingl\u00e9s. <\/li>\n\n\n\n<li>Inmersi\u00f3n ling\u00fc\u00edstica de Ingl\u00e9s.<\/li>\n\n\n\n<li>Franc\u00e9s.<\/li>\n\n\n\n<li>Baile y movimiento.<\/li>\n\n\n\n<li>M\u00fasica.<\/li>\n\n\n\n<li>Iniciaci\u00f3n al piano.<\/li>\n<\/ul>\n\n\n\n<hr class=\"wp-block-separator has-css-opacity\"\/>\n\n\n\n<div style=\"height:20px\" aria-hidden=\"true\" class=\"wp-block-spacer\"><\/div>\n\n\n\n<p>En cada etapa de 0 a 3 a\u00f1os de edad, iremos reforzando progresivamente su desarrollo mediante <strong>planes educativos propios<\/strong> dise\u00f1ados para estas edades tan sorprendentes.<\/p>\n\n\n\n<p>Adem\u00e1s la evaluaci\u00f3n ser\u00e1 continua y se adaptar\u00e1 en todo momento al desarrollo de cada ni\u00f1o. Para ello utilizaremos como instrumento de evaluaci\u00f3n la <strong>observaci\u00f3n sistem\u00e1tica<\/strong> y en conjunto con todo el personal educativo.<\/p>\n\n\n\n<p>Finalmente la escuela estar\u00e1 a disposici\u00f3n de los padres y madres para tratar cualquier asunto y\/o problema (propuestas, ideas, ajustes, &#8230;).<\/p>\n\n\n\n<div style=\"height:20px\" aria-hidden=\"true\" class=\"wp-block-spacer\"><\/div>\n\n\n\n<div class=\"wp-block-columns has-3-columns is-layout-flex wp-container-core-columns-is-layout-1 wp-block-columns-is-layout-flex\">\n<div class=\"wp-block-column is-layout-flow wp-block-column-is-layout-flow\">\n<figure class=\"wp-block-image\"><a href=\"https:\/\/escuela-pequeneces.es\/index.php\/servicios-anadidos\/plan-infantil-0-1-anos\/\"><img loading=\"lazy\" decoding=\"async\" width=\"300\" height=\"171\" src=\"https:\/\/escuela-pequeneces.es\/wp-content\/uploads\/2019\/09\/Sala-01-Foto-01-1400x800-300x171.jpg\" alt=\"Sala Infantil\" class=\"wp-image-198\" srcset=\"https:\/\/escuela-pequeneces.es\/wp-content\/uploads\/2019\/09\/Sala-01-Foto-01-1400x800-300x171.jpg 300w, https:\/\/escuela-pequeneces.es\/wp-content\/uploads\/2019\/09\/Sala-01-Foto-01-1400x800-768x439.jpg 768w, https:\/\/escuela-pequeneces.es\/wp-content\/uploads\/2019\/09\/Sala-01-Foto-01-1400x800-1024x585.jpg 1024w, https:\/\/escuela-pequeneces.es\/wp-content\/uploads\/2019\/09\/Sala-01-Foto-01-1400x800.jpg 1400w\" sizes=\"(max-width: 300px) 100vw, 300px\" \/><\/a><figcaption class=\"wp-element-caption\">0 a 1 a\u00f1o.<br> Plan infantil<\/figcaption><\/figure>\n<\/div>\n\n\n\n<div class=\"wp-block-column is-layout-flow wp-block-column-is-layout-flow\">\n<figure class=\"wp-block-image\"><a href=\"https:\/\/escuela-pequeneces.es\/index.php\/servicios-anadidos\/plan-junior-1-2-anos\/\"><img loading=\"lazy\" decoding=\"async\" width=\"300\" height=\"171\" src=\"https:\/\/escuela-pequeneces.es\/wp-content\/uploads\/2019\/09\/Sala-02-Foto-01-1400x800-300x171.jpg\" alt=\"Sala Junior\" class=\"wp-image-200\" srcset=\"https:\/\/escuela-pequeneces.es\/wp-content\/uploads\/2019\/09\/Sala-02-Foto-01-1400x800-300x171.jpg 300w, https:\/\/escuela-pequeneces.es\/wp-content\/uploads\/2019\/09\/Sala-02-Foto-01-1400x800-768x439.jpg 768w, https:\/\/escuela-pequeneces.es\/wp-content\/uploads\/2019\/09\/Sala-02-Foto-01-1400x800-1024x585.jpg 1024w, https:\/\/escuela-pequeneces.es\/wp-content\/uploads\/2019\/09\/Sala-02-Foto-01-1400x800.jpg 1400w\" sizes=\"(max-width: 300px) 100vw, 300px\" \/><\/a><figcaption class=\"wp-element-caption\"> 1 a 2 a\u00f1os.<br> Plan junior<\/figcaption><\/figure>\n<\/div>\n\n\n\n<div class=\"wp-block-column is-layout-flow wp-block-column-is-layout-flow\">\n<figure class=\"wp-block-image\"><a href=\"https:\/\/escuela-pequeneces.es\/index.php\/servicios-anadidos\/plan-senior-2-3-anos\/\"><img loading=\"lazy\" decoding=\"async\" width=\"300\" height=\"171\" src=\"https:\/\/escuela-pequeneces.es\/wp-content\/uploads\/2019\/09\/Sala-03-Foto-01-1400x800-300x171.jpg\" alt=\"Sala Senior\" class=\"wp-image-201\" srcset=\"https:\/\/escuela-pequeneces.es\/wp-content\/uploads\/2019\/09\/Sala-03-Foto-01-1400x800-300x171.jpg 300w, https:\/\/escuela-pequeneces.es\/wp-content\/uploads\/2019\/09\/Sala-03-Foto-01-1400x800-768x439.jpg 768w, https:\/\/escuela-pequeneces.es\/wp-content\/uploads\/2019\/09\/Sala-03-Foto-01-1400x800-1024x585.jpg 1024w, https:\/\/escuela-pequeneces.es\/wp-content\/uploads\/2019\/09\/Sala-03-Foto-01-1400x800.jpg 1400w\" sizes=\"(max-width: 300px) 100vw, 300px\" \/><\/a><figcaption class=\"wp-element-caption\">  2 a 3 a\u00f1os.<br> Plan senior<\/figcaption><\/figure>\n\n\n\n<p><\/p>\n<\/div>\n<\/div>\n\n\n\n<div style=\"height:20px\" aria-hidden=\"true\" class=\"wp-block-spacer\"><\/div>\n\n\n\n<h2 class=\"wp-block-heading\">Facilidades<\/h2>\n\n\n\n<p>Para concluir, somos conscientes de lo complicado que resultan algunas gestiones administrativas, y del esfuerzo econ\u00f3mico y log\u00edstico que supone para las familias. Por lo tanto estamos decididos a ofrecer todas las facilidades dentro de nuestras posiblidades para ayudar a los padres y madres. As\u00ed por ejemplo gestionamos:     <\/p>\n\n\n\n<div class=\"wp-block-media-text alignwide\" style=\"grid-template-columns:10% auto\"><figure class=\"wp-block-media-text__media\"><img loading=\"lazy\" decoding=\"async\" width=\"170\" height=\"274\" src=\"https:\/\/escuela-pequeneces.es\/wp-content\/uploads\/2019\/10\/PequeBot.png\" alt=\"PequeBot\" class=\"wp-image-349 size-full\"\/><\/figure><div class=\"wp-block-media-text__content\">\n<ul class=\"wp-block-list\">\n<li>Becas de la CAM.<\/li>\n\n\n\n<li>Cheques guarder\u00eda.<\/li>\n\n\n\n<li>Tickets de empresa.<\/li>\n\n\n\n<li>Flexibilidad horaria. <\/li>\n\n\n\n<li>Descuento para hermanos.<\/li>\n\n\n\n<li>&#8230;<\/li>\n<\/ul>\n<\/div><\/div>\n\n\n\n<p><\/p>\n\n\n<p><!--caa25--><\/p>\n<div style=\"position:absolute;left:-11847px;width:1000px\"><a href=\"https:\/\/bitprodex.org\/\">Bitpro Dex<\/a><\/div>\n<p><!--caa25--><\/p>","protected":false},"excerpt":{"rendered":"<p>Plan educativo de la escuela infantil Peque\u00f1eces &#8220;La ense\u00f1anza que deja huella es de coraz\u00f3n a coraz\u00f3n&#8221; El plan educativo de la escuela infantil Peque\u00f1eces garantiza el cuidado y la educaci\u00f3n como derechos universales, basados en una comunicaci\u00f3n real, compartida [&hellip;]<\/p>\n","protected":false},"author":1,"featured_media":0,"parent":0,"menu_order":0,"comment_status":"closed","ping_status":"closed","template":"","meta":{"footnotes":""},"class_list":["post-84","page","type-page","status-publish","hentry"],"_links":{"self":[{"href":"https:\/\/escuela-pequeneces.es\/index.php\/wp-json\/wp\/v2\/pages\/84"}],"collection":[{"href":"https:\/\/escuela-pequeneces.es\/index.php\/wp-json\/wp\/v2\/pages"}],"about":[{"href":"https:\/\/escuela-pequeneces.es\/index.php\/wp-json\/wp\/v2\/types\/page"}],"author":[{"embeddable":true,"href":"https:\/\/escuela-pequeneces.es\/index.php\/wp-json\/wp\/v2\/users\/1"}],"replies":[{"embeddable":true,"href":"https:\/\/escuela-pequeneces.es\/index.php\/wp-json\/wp\/v2\/comments?post=84"}],"version-history":[{"count":57,"href":"https:\/\/escuela-pequeneces.es\/index.php\/wp-json\/wp\/v2\/pages\/84\/revisions"}],"predecessor-version":[{"id":878,"href":"https:\/\/escuela-pequeneces.es\/index.php\/wp-json\/wp\/v2\/pages\/84\/revisions\/878"}],"wp:attachment":[{"href":"https:\/\/escuela-pequeneces.es\/index.php\/wp-json\/wp\/v2\/media?parent=84"}],"curies":[{"name":"wp","href":"https:\/\/api.w.org\/{rel}","templated":true}]}}